{"id":97650,"date":"2018-06-10T14:33:54","date_gmt":"2018-06-10T14:33:54","guid":{"rendered":"http:\/\/candas365.es\/noticias\/?page_id=97650"},"modified":"2023-08-23T04:37:43","modified_gmt":"2023-08-23T02:37:43","slug":"radio","status":"publish","type":"page","link":"https:\/\/candas365.es\/noticias\/radio\/","title":{"rendered":"Radio"},"content":{"rendered":"<p>\u00bfDeseas escuchar una radio creada para disfrutar y estar informado? <span style=\"color: #ff6600;\"><a style=\"color: #ff6600;\" href=\"https:\/\/nbradiodigital.com\/\" target=\"_blank\" rel=\"noopener\">NB Radio Digital<\/a><\/span> es la estaci\u00f3n online que sin duda \u00abconecta contigo\u00bb una propuesta creada para la comunidad argentina en la zona del Cant\u00e1brico.<\/p>\n<p><img fetchpriority=\"high\" decoding=\"async\" class=\"aligncenter wp-image-174993 size-large\" src=\"https:\/\/candas365.es\/noticias\/wp-content\/uploads\/2023\/08\/NB-RADIO-DIGITAL-640x480.jpg\" alt=\"NB RADIO DIGITAL\" width=\"640\" height=\"480\" srcset=\"https:\/\/candas365.es\/noticias\/wp-content\/uploads\/2023\/08\/NB-RADIO-DIGITAL-640x480.jpg 640w, https:\/\/candas365.es\/noticias\/wp-content\/uploads\/2023\/08\/NB-RADIO-DIGITAL-360x270.jpg 360w, https:\/\/candas365.es\/noticias\/wp-content\/uploads\/2023\/08\/NB-RADIO-DIGITAL-768x576.jpg 768w, https:\/\/candas365.es\/noticias\/wp-content\/uploads\/2023\/08\/NB-RADIO-DIGITAL-150x113.jpg 150w, https:\/\/candas365.es\/noticias\/wp-content\/uploads\/2023\/08\/NB-RADIO-DIGITAL-450x338.jpg 450w, https:\/\/candas365.es\/noticias\/wp-content\/uploads\/2023\/08\/NB-RADIO-DIGITAL.jpg 1152w\" sizes=\"(max-width: 640px) 100vw, 640px\" \/><\/p>\n<p>Su programaci\u00f3n ofrece informaci\u00f3n, ocio, variedades, m\u00fasica de calidad y contenidos para todos aquellos que quieran <strong>estar al d\u00eda de todo lo que sucede en Argentina y tambi\u00e9n en la Costa Verde.<\/strong><\/p>\n<p>Para acceder a su sitio web solamente tienes que <a href=\"https:\/\/nbradiodigital.com\/directo\/\" target=\"_blank\" rel=\"noopener\"><span style=\"color: #ff6600;\"><strong>pulsar aqu\u00ed.<\/strong><\/span><\/a> Adem\u00e1s en su sitio web tambi\u00e9n podr\u00e1s encontrar noticias y contenidos creados para leer y escuchar. Y adem\u00e1s tambi\u00e9n puedes descargar su<strong> aplicaci\u00f3n para Android <a href=\"https:\/\/play.google.com\/store\/apps\/details?id=com.creativoagencia.nbradiocandas&amp;gl=ES\" target=\"_blank\" rel=\"noopener\"><span style=\"color: #ff6600;\">pulsando aqu\u00ed<\/span><\/a><\/strong>.<\/p>\n<p>Variedad y<strong> una programaci\u00f3n sin publicidad es lo que ofrece NB Radio Digital<\/strong> para todos aquellos que quieran ser parte de la radio que \u00abconecta contigo\u00bb.<\/p>\n","protected":false},"excerpt":{"rendered":"<p>\u00bfDeseas escuchar una radio creada para disfrutar y estar informado? NB Radio Digital es la estaci\u00f3n online que sin duda \u00abconecta contigo\u00bb una propuesta creada para la comunidad argentina en la zona del Cant\u00e1brico. Su programaci\u00f3n ofrece informaci\u00f3n, ocio, variedades, m\u00fasica de calidad y contenidos para todos aquellos que quieran estar al d\u00eda de todo<\/p>\n","protected":false},"author":1,"featured_media":0,"parent":0,"menu_order":0,"comment_status":"closed","ping_status":"closed","template":"","meta":{"footnotes":""},"class_list":["post-97650","page","type-page","status-publish"],"aioseo_notices":[],"aioseo_head":"\n\t\t<!-- All in One SEO Pro 4.9.5.2 - aioseo.com -->\n\t<meta name=\"description\" content=\"\u00bfDeseas escuchar una radio creada para disfrutar y estar informado? NB Radio Digital es la estaci\u00f3n online que sin duda &quot;conecta contigo&quot; una propuesta creada\" \/>\n\t<meta name=\"robots\" content=\"max-image-preview:large\" \/>\n\t<meta name=\"google-site-verification\" content=\"UA-32230408-1\" \/>\n\t<meta name=\"msvalidate.01\" content=\"354F3CDFB2DA171B47FBE9ABF1F88D5\" \/>\n\t<link rel=\"canonical\" href=\"https:\/\/candas365.es\/noticias\/radio\/\" \/>\n\t<meta name=\"generator\" content=\"All in One SEO Pro (AIOSEO) 4.9.5.2\" \/>\n\t\t<meta property=\"og:locale\" content=\"es_ES\" \/>\n\t\t<meta property=\"og:site_name\" content=\"Cand\u00e1s 365\" \/>\n\t\t<meta property=\"og:type\" content=\"article\" \/>\n\t\t<meta property=\"og:title\" content=\"Radio | Cand\u00e1s 365\" \/>\n\t\t<meta property=\"og:description\" content=\"\u00bfDeseas escuchar una radio creada para disfrutar y estar informado? NB Radio Digital es la estaci\u00f3n online que sin duda &quot;conecta contigo&quot; una propuesta creada\" \/>\n\t\t<meta property=\"og:url\" content=\"https:\/\/candas365.es\/noticias\/radio\/\" \/>\n\t\t<meta property=\"og:image\" content=\"https:\/\/candas365.es\/noticias\/wp-content\/uploads\/2024\/09\/Candas-365-Redes.jpg\" \/>\n\t\t<meta property=\"og:image:secure_url\" content=\"https:\/\/candas365.es\/noticias\/wp-content\/uploads\/2024\/09\/Candas-365-Redes.jpg\" \/>\n\t\t<meta property=\"og:image:width\" content=\"1152\" \/>\n\t\t<meta property=\"og:image:height\" content=\"864\" \/>\n\t\t<meta property=\"article:published_time\" content=\"2018-06-10T14:33:54+00:00\" \/>\n\t\t<meta property=\"article:modified_time\" content=\"2023-08-23T02:37:43+00:00\" \/>\n\t\t<meta property=\"article:publisher\" content=\"https:\/\/www.facebook.com\/Nachofdezber\" \/>\n\t\t<meta property=\"article:author\" content=\"https:\/\/www.facebook.com\/carrenoactualidad\" \/>\n\t\t<meta name=\"twitter:card\" content=\"summary_large_image\" \/>\n\t\t<meta name=\"twitter:site\" content=\"@NabercoDigital\" \/>\n\t\t<meta name=\"twitter:title\" content=\"Radio | Cand\u00e1s 365\" \/>\n\t\t<meta name=\"twitter:description\" content=\"\u00bfDeseas escuchar una radio creada para disfrutar y estar informado? NB Radio Digital es la estaci\u00f3n online que sin duda &quot;conecta contigo&quot; una propuesta creada\" \/>\n\t\t<meta name=\"twitter:creator\" content=\"@nbasturias\" \/>\n\t\t<meta name=\"twitter:image\" content=\"https:\/\/candas365.es\/noticias\/wp-content\/uploads\/2024\/09\/Candas-365-Redes.jpg\" \/>\n\t\t<meta name=\"twitter:label1\" content=\"Escrito por\" \/>\n\t\t<meta name=\"twitter:data1\" content=\"Cand\u00e1s 365\" \/>\n\t\t<meta name=\"twitter:label2\" content=\"Tiempo de lectura estimado\" \/>\n\t\t<meta name=\"twitter:data2\" content=\"1 minuto\" \/>\n\t\t<script type=\"application\/ld+json\" class=\"aioseo-schema\">\n\t\t\t{\"@context\":\"https:\\\/\\\/schema.org\",\"@graph\":[{\"@type\":\"BreadcrumbList\",\"@id\":\"https:\\\/\\\/candas365.es\\\/noticias\\\/radio\\\/#breadcrumblist\",\"itemListElement\":[{\"@type\":\"ListItem\",\"@id\":\"https:\\\/\\\/candas365.es\\\/noticias#listItem\",\"position\":1,\"name\":\"Home\",\"item\":\"https:\\\/\\\/candas365.es\\\/noticias\",\"nextItem\":{\"@type\":\"ListItem\",\"@id\":\"https:\\\/\\\/candas365.es\\\/noticias\\\/radio\\\/#listItem\",\"name\":\"Radio\"}},{\"@type\":\"ListItem\",\"@id\":\"https:\\\/\\\/candas365.es\\\/noticias\\\/radio\\\/#listItem\",\"position\":2,\"name\":\"Radio\",\"previousItem\":{\"@type\":\"ListItem\",\"@id\":\"https:\\\/\\\/candas365.es\\\/noticias#listItem\",\"name\":\"Home\"}}]},{\"@type\":\"Organization\",\"@id\":\"https:\\\/\\\/candas365.es\\\/noticias\\\/#organization\",\"name\":\"Cand\\u00e1s 365\",\"description\":\"Cand\\u00e1s 365 es un diario digital independiente, fundado en 2012, con base en Asturias. Informamos con rigor sobre actualidad, sociedad, cultura y ocio, con una mirada local y global.\",\"url\":\"https:\\\/\\\/candas365.es\\\/noticias\\\/\",\"email\":\"info@candas365.es\",\"telephone\":\"+34652131393\",\"foundingDate\":\"2012-06-10\",\"logo\":{\"@type\":\"ImageObject\",\"url\":\"https:\\\/\\\/candas365.es\\\/noticias\\\/wp-content\\\/uploads\\\/2024\\\/09\\\/Candas-365-Redes.jpg\",\"@id\":\"https:\\\/\\\/candas365.es\\\/noticias\\\/radio\\\/#organizationLogo\",\"width\":1152,\"height\":864,\"caption\":\"Cand\\u00e1s 365 Redes\"},\"image\":{\"@id\":\"https:\\\/\\\/candas365.es\\\/noticias\\\/radio\\\/#organizationLogo\"},\"sameAs\":[\"https:\\\/\\\/www.facebook.com\\\/Nachofdezber\",\"https:\\\/\\\/x.com\\\/NabercoDigital\",\"https:\\\/\\\/www.instagram.com\\\/nachofdezber\\\/\",\"https:\\\/\\\/www.youtube.com\\\/channel\\\/UCZP-2wLEB9Rv6erhFmqVnvg\"],\"address\":{\"@id\":\"https:\\\/\\\/candas365.es\\\/noticias\\\/#postaladdress\",\"@type\":\"PostalAddress\",\"streetAddress\":\"san antonio 4, san antonio 4\",\"postalCode\":\"33430\",\"addressLocality\":\"Cand\\u00e1s\",\"addressRegion\":\"Asturias\",\"addressCountry\":\"ES\"}},{\"@type\":\"WebPage\",\"@id\":\"https:\\\/\\\/candas365.es\\\/noticias\\\/radio\\\/#webpage\",\"url\":\"https:\\\/\\\/candas365.es\\\/noticias\\\/radio\\\/\",\"name\":\"Radio | Cand\\u00e1s 365\",\"description\":\"\\u00bfDeseas escuchar una radio creada para disfrutar y estar informado? NB Radio Digital es la estaci\\u00f3n online que sin duda \\\"conecta contigo\\\" una propuesta creada\",\"inLanguage\":\"es-ES\",\"isPartOf\":{\"@id\":\"https:\\\/\\\/candas365.es\\\/noticias\\\/#website\"},\"breadcrumb\":{\"@id\":\"https:\\\/\\\/candas365.es\\\/noticias\\\/radio\\\/#breadcrumblist\"},\"datePublished\":\"2018-06-10T14:33:54+02:00\",\"dateModified\":\"2023-08-23T04:37:43+02:00\"},{\"@type\":\"WebSite\",\"@id\":\"https:\\\/\\\/candas365.es\\\/noticias\\\/#website\",\"url\":\"https:\\\/\\\/candas365.es\\\/noticias\\\/\",\"name\":\"Cand\\u00e1s 365\",\"alternateName\":\"Cand\\u00e1s 365 Noticias\",\"description\":\"Actualidad desde Carre\\u00f1o para el mundo\",\"inLanguage\":\"es-ES\",\"publisher\":{\"@id\":\"https:\\\/\\\/candas365.es\\\/noticias\\\/#organization\"}}]}\n\t\t<\/script>\n\t\t<!-- All in One SEO Pro -->\r\n\t\t<title>Radio | Cand\u00e1s 365<\/title>\n\n","aioseo_head_json":{"title":"Radio | Cand\u00e1s 365","description":"\u00bfDeseas escuchar una radio creada para disfrutar y estar informado? NB Radio Digital es la estaci\u00f3n online que sin duda \"conecta contigo\" una propuesta creada","canonical_url":"https:\/\/candas365.es\/noticias\/radio\/","robots":"max-image-preview:large","keywords":"","webmasterTools":{"google-site-verification":"UA-32230408-1","msvalidate.01":"354F3CDFB2DA171B47FBE9ABF1F88D5","miscellaneous":""},"schema":{"@context":"https:\/\/schema.org","@graph":[{"@type":"BreadcrumbList","@id":"https:\/\/candas365.es\/noticias\/radio\/#breadcrumblist","itemListElement":[{"@type":"ListItem","@id":"https:\/\/candas365.es\/noticias#listItem","position":1,"name":"Home","item":"https:\/\/candas365.es\/noticias","nextItem":{"@type":"ListItem","@id":"https:\/\/candas365.es\/noticias\/radio\/#listItem","name":"Radio"}},{"@type":"ListItem","@id":"https:\/\/candas365.es\/noticias\/radio\/#listItem","position":2,"name":"Radio","previousItem":{"@type":"ListItem","@id":"https:\/\/candas365.es\/noticias#listItem","name":"Home"}}]},{"@type":"Organization","@id":"https:\/\/candas365.es\/noticias\/#organization","name":"Cand\u00e1s 365","description":"Cand\u00e1s 365 es un diario digital independiente, fundado en 2012, con base en Asturias. Informamos con rigor sobre actualidad, sociedad, cultura y ocio, con una mirada local y global.","url":"https:\/\/candas365.es\/noticias\/","email":"info@candas365.es","telephone":"+34652131393","foundingDate":"2012-06-10","logo":{"@type":"ImageObject","url":"https:\/\/candas365.es\/noticias\/wp-content\/uploads\/2024\/09\/Candas-365-Redes.jpg","@id":"https:\/\/candas365.es\/noticias\/radio\/#organizationLogo","width":1152,"height":864,"caption":"Cand\u00e1s 365 Redes"},"image":{"@id":"https:\/\/candas365.es\/noticias\/radio\/#organizationLogo"},"sameAs":["https:\/\/www.facebook.com\/Nachofdezber","https:\/\/x.com\/NabercoDigital","https:\/\/www.instagram.com\/nachofdezber\/","https:\/\/www.youtube.com\/channel\/UCZP-2wLEB9Rv6erhFmqVnvg"],"address":{"@id":"https:\/\/candas365.es\/noticias\/#postaladdress","@type":"PostalAddress","streetAddress":"san antonio 4, san antonio 4","postalCode":"33430","addressLocality":"Cand\u00e1s","addressRegion":"Asturias","addressCountry":"ES"}},{"@type":"WebPage","@id":"https:\/\/candas365.es\/noticias\/radio\/#webpage","url":"https:\/\/candas365.es\/noticias\/radio\/","name":"Radio | Cand\u00e1s 365","description":"\u00bfDeseas escuchar una radio creada para disfrutar y estar informado? NB Radio Digital es la estaci\u00f3n online que sin duda \"conecta contigo\" una propuesta creada","inLanguage":"es-ES","isPartOf":{"@id":"https:\/\/candas365.es\/noticias\/#website"},"breadcrumb":{"@id":"https:\/\/candas365.es\/noticias\/radio\/#breadcrumblist"},"datePublished":"2018-06-10T14:33:54+02:00","dateModified":"2023-08-23T04:37:43+02:00"},{"@type":"WebSite","@id":"https:\/\/candas365.es\/noticias\/#website","url":"https:\/\/candas365.es\/noticias\/","name":"Cand\u00e1s 365","alternateName":"Cand\u00e1s 365 Noticias","description":"Actualidad desde Carre\u00f1o para el mundo","inLanguage":"es-ES","publisher":{"@id":"https:\/\/candas365.es\/noticias\/#organization"}}]},"og:locale":"es_ES","og:site_name":"Cand\u00e1s 365","og:type":"article","og:title":"Radio | Cand\u00e1s 365","og:description":"\u00bfDeseas escuchar una radio creada para disfrutar y estar informado? NB Radio Digital es la estaci\u00f3n online que sin duda &quot;conecta contigo&quot; una propuesta creada","og:url":"https:\/\/candas365.es\/noticias\/radio\/","og:image":"https:\/\/candas365.es\/noticias\/wp-content\/uploads\/2024\/09\/Candas-365-Redes.jpg","og:image:secure_url":"https:\/\/candas365.es\/noticias\/wp-content\/uploads\/2024\/09\/Candas-365-Redes.jpg","og:image:width":1152,"og:image:height":864,"article:published_time":"2018-06-10T14:33:54+00:00","article:modified_time":"2023-08-23T02:37:43+00:00","article:publisher":"https:\/\/www.facebook.com\/Nachofdezber","article:author":"https:\/\/www.facebook.com\/carrenoactualidad","twitter:card":"summary_large_image","twitter:site":"@NabercoDigital","twitter:title":"Radio | Cand\u00e1s 365","twitter:description":"\u00bfDeseas escuchar una radio creada para disfrutar y estar informado? NB Radio Digital es la estaci\u00f3n online que sin duda &quot;conecta contigo&quot; una propuesta creada","twitter:creator":"@nbasturias","twitter:image":"https:\/\/candas365.es\/noticias\/wp-content\/uploads\/2024\/09\/Candas-365-Redes.jpg","twitter:label1":"Escrito por","twitter:data1":"Cand\u00e1s 365","twitter:label2":"Tiempo de lectura estimado","twitter:data2":"1 minuto"},"aioseo_meta_data":{"post_id":"97650","title":null,"description":"\u00bfDeseas escuchar una radio creada para disfrutar y estar informado? NB Radio Digital es la estaci\u00f3n online que sin duda \"conecta contigo\" una propuesta creada","keywords":[],"keyphrases":{"focus":{"keyphrase":"NB","score":83,"analysis":{"keyphraseInTitle":{"score":3,"maxScore":9,"error":1},"keyphraseInDescription":{"score":9,"maxScore":9,"error":0},"keyphraseLength":{"score":9,"maxScore":9,"error":0,"length":1},"keyphraseInURL":{"score":1,"maxScore":5,"error":1},"keyphraseInIntroduction":{"score":9,"maxScore":9,"error":0},"keyphraseInSubHeadings":[],"keyphraseInImageAlt":{"score":9,"maxScore":9,"error":0},"keywordDensity":{"type":"best","score":9,"maxScore":9,"error":0}}},"additional":[{"keyphrase":"Radio","score":80,"analysis":{"keyphraseInDescription":{"score":9,"maxScore":9,"error":0},"keyphraseLength":{"score":9,"maxScore":9,"error":0,"length":1},"keyphraseInIntroduction":{"score":9,"maxScore":9,"error":0},"keyphraseInImageAlt":{"score":9,"maxScore":9,"error":0},"keywordDensity":{"type":"high","score":0,"maxScore":9,"error":1}}},{"keyphrase":"NB Radio","score":100,"analysis":{"keyphraseInDescription":{"score":9,"maxScore":9,"error":0},"keyphraseLength":{"score":9,"maxScore":9,"error":0,"length":2},"keyphraseInIntroduction":{"score":9,"maxScore":9,"error":0},"keyphraseInImageAlt":{"score":9,"maxScore":9,"error":0},"keywordDensity":{"type":"best","score":9,"maxScore":9,"error":0}}}]},"primary_term":null,"canonical_url":null,"og_title":null,"og_description":null,"og_object_type":"default","og_image_type":"default","og_image_url":null,"og_image_width":null,"og_image_height":null,"og_image_custom_url":null,"og_image_custom_fields":null,"og_video":"","og_custom_url":null,"og_article_section":null,"og_article_tags":[],"twitter_use_og":false,"twitter_card":"default","twitter_image_type":"default","twitter_image_url":null,"twitter_image_custom_url":null,"twitter_image_custom_fields":null,"twitter_title":null,"twitter_description":null,"schema":{"blockGraphs":[],"customGraphs":[],"default":{"data":{"Article":[],"Course":[],"Dataset":[],"FAQPage":[],"Movie":[],"Person":[],"Product":[],"ProductReview":[],"Car":[],"Recipe":[],"Service":[],"SoftwareApplication":[],"WebPage":[]},"graphName":"WebPage","isEnabled":true},"graphs":[]},"schema_type":"default","schema_type_options":"{\"article\":{\"articleType\":\"BlogPosting\"},\"course\":{\"name\":\"\",\"description\":\"\",\"provider\":\"\"},\"faq\":{\"pages\":[]},\"product\":{\"reviews\":[]},\"recipe\":{\"ingredients\":[],\"instructions\":[],\"keywords\":[]},\"software\":{\"reviews\":[],\"operatingSystems\":[]},\"webPage\":{\"webPageType\":\"WebPage\"}}","pillar_content":false,"robots_default":true,"robots_noindex":false,"robots_noarchive":false,"robots_nosnippet":false,"robots_nofollow":false,"robots_noimageindex":false,"robots_noodp":false,"robots_notranslate":false,"robots_max_snippet":"-1","robots_max_videopreview":"-1","robots_max_imagepreview":"large","priority":null,"frequency":"default","location":null,"local_seo":null,"seo_analyzer_scan_date":"2025-10-08 15:20:20","breadcrumb_settings":null,"limit_modified_date":false,"reviewed_by":null,"open_ai":"{\"title\":{\"suggestions\":[],\"usage\":0},\"description\":{\"suggestions\":[],\"usage\":0}}","ai":null,"created":"2020-12-21 10:36:58","updated":"2025-10-08 15:20:20"},"aioseo_breadcrumb":"<div class=\"aioseo-breadcrumbs\"><span class=\"aioseo-breadcrumb\">\n\t<a href=\"https:\/\/candas365.es\/noticias\" title=\"Home\">Home<\/a>\n<\/span><span class=\"aioseo-breadcrumb-separator\">&ndash;<\/span><span class=\"aioseo-breadcrumb\">\n\tRadio\n<\/span><\/div>","aioseo_breadcrumb_json":[{"label":"Home","link":"https:\/\/candas365.es\/noticias"},{"label":"Radio","link":"https:\/\/candas365.es\/noticias\/radio\/"}],"_links":{"self":[{"href":"https:\/\/candas365.es\/noticias\/wp-json\/wp\/v2\/pages\/97650","targetHints":{"allow":["GET"]}}],"collection":[{"href":"https:\/\/candas365.es\/noticias\/wp-json\/wp\/v2\/pages"}],"about":[{"href":"https:\/\/candas365.es\/noticias\/wp-json\/wp\/v2\/types\/page"}],"author":[{"embeddable":true,"href":"https:\/\/candas365.es\/noticias\/wp-json\/wp\/v2\/users\/1"}],"replies":[{"embeddable":true,"href":"https:\/\/candas365.es\/noticias\/wp-json\/wp\/v2\/comments?post=97650"}],"version-history":[{"count":0,"href":"https:\/\/candas365.es\/noticias\/wp-json\/wp\/v2\/pages\/97650\/revisions"}],"wp:attachment":[{"href":"https:\/\/candas365.es\/noticias\/wp-json\/wp\/v2\/media?parent=97650"}],"curies":[{"name":"wp","href":"https:\/\/api.w.org\/{rel}","templated":true}]}}