{"id":10894,"date":"2015-05-06T05:00:35","date_gmt":"2015-05-06T03:30:35","guid":{"rendered":"http:\/\/candas365.es\/noticias\/?page_id=10894"},"modified":"2015-05-06T05:00:35","modified_gmt":"2015-05-06T03:30:35","slug":"aviso-legal","status":"publish","type":"page","link":"https:\/\/candas365.es\/noticias\/aviso-legal\/","title":{"rendered":"Aviso Legal"},"content":{"rendered":"<p><strong>1.- Titularidad de la P\u00e1gina Web<\/strong><\/p>\n<p>De acuerdo con lo dispuesto en el art\u00edculo 10 de la Ley 34\/2002, de 11 de julio, de Servicios de la Sociedad de la Informaci\u00f3n y de Comercio Electr\u00f3nico (en adelante, \u201c<strong>LSSI<\/strong>\u201d), ponemos en su conocimiento que la p\u00e1gina www.candas365.es (en adelante, el \u201c<strong>Sitio Web<\/strong>\u201d o el \u201c<strong>Portal<\/strong>\u201d) es operada por\u00a0Naberco con N.I.F. 53530119b, cuyo domicilio social se encuentra en Cand\u00e1s \u2013 Principado de Asturias<\/p>\n<p><strong>2.<\/strong><strong>\u2010<\/strong><strong> Uso del Portal<\/strong><\/p>\n<p>El presente Aviso Legal (en adelante, \u201c<strong>Aviso Legal<\/strong>\u201d), junto con los <u>T\u00e9rminos y Condiciones de Uso <\/u>\u00a0(en adelante, \u201c<strong>T\u00e9rminos y Condiciones<\/strong>\u201d), establecen las condiciones que regulan la utilizaci\u00f3n de los servicios de la sociedad de la informaci\u00f3n que Candas365.es pone a disposici\u00f3n de los usuarios de la red Internet a trav\u00e9s del Sitio Web.<\/p>\n<p>De este modo, el acceso y uso del Sitio Web suponen que el usuario del mismo (en adelante, el \u201c<strong>Usuario<\/strong>\u201d) acepta en su totalidad y se obliga a cumplir por completo el presente Aviso Legal, los <u>T\u00e9rminos y Condiciones<\/u>, as\u00ed como las instrucciones o recomendaciones que se le indique en cada caso concreto a trav\u00e9s del Sitio Web.<\/p>\n<p>El acceso al Sitio Web es gratuito, salvo en lo relativo al coste de conexi\u00f3n a trav\u00e9s de la red de telecomunicaciones suministrada por el proveedor de acceso que hubiere contratado el Usuario.<\/p>\n<p>Cand\u00e1s365.es se reserva la facultad de efectuar, en cualquier momento y sin necesidad de previo aviso, modificaciones y actualizaciones del Sitio Web y sus contenidos, configuraci\u00f3n y presentaci\u00f3n, incluido este Aviso Legal y los <u>T\u00e9rminos y Condiciones<\/u>, por lo que recomendamos su lectura antes de cada acceso y navegaci\u00f3n por el Portal.<\/p>\n<p>El Usuario se compromete a no usar el Sitio Web con fines fraudulentos, as\u00ed como a no llevar a cabo conducta alguna que pudiera da\u00f1ar la imagen, los intereses y los derechos de Cand\u00e1s365.es o de terceros, oblig\u00e1ndose a utilizar el Portal, los servicios y los contenidos incluidos en el mismo de forma diligente, correcta y l\u00edcita. En particular, el Usuario se compromete a abstenerse de: suprimir, eludir o manipular el \u00abcopyright\u00bb y dem\u00e1s datos identificativos de los derechos de sus titulares incorporados a los contenidos del Portal, as\u00ed como los dispositivos t\u00e9cnicos de protecci\u00f3n, o cualesquiera mecanismos de informaci\u00f3n que pudieren incluir dichos contenidos. Asimismo, el Usuario se compromete a no realizar acto alguno con objeto de da\u00f1ar, inutilizar o sobrecargar el Sitio Web, o que impidiera, de cualquier forma, la normal utilizaci\u00f3n y funcionamiento del mismo.<\/p>\n<p>En caso de que incumpla este Aviso Legal y\/o los <u>T\u00e9rminos y Condiciones<\/u>, o en Cand\u00e1s365.es sospechemos razonablemente que las est\u00e1 incumpliendo, Cand\u00e1s365.es\u00a0 se reserva el derecho a limitar, suspender o terminar su acceso al Sitio Web, adoptando cualquier medida t\u00e9cnica que sea necesaria con ese fin. Asimismo, Cand\u00e1s365.es se reserva la facultad de decidir, en cualquier momento, sobre la continuidad de los servicios que presta a trav\u00e9s del Portal.<\/p>\n<p><strong>3.<\/strong><strong>\u2010<\/strong><strong> Propiedad Intelectual e industrial<\/strong>.<\/p>\n<p>Los derechos de propiedad intelectual sobre la disposici\u00f3n de los contenidos del Sitio Web (incluido el derecho sui generis sobre la base de datos), su dise\u00f1o gr\u00e1fico (<em>look &amp;feel<\/em>), los signos distintivos (marcas y nombres comerciales), los programas de ordenador subyacentes (incluidos los c\u00f3digos fuente), as\u00ed como los distintos elementos que integran el Portal (textos, gr\u00e1ficos, fotograf\u00edas, videos, etc.) corresponden a Cand\u00e1s365.es o dispone en su caso, del derecho de uso y explotaci\u00f3n de los mismos, y en tal sentido constituyen obras protegidas por la legislaci\u00f3n de propiedad intelectual e industrial vigentes.<\/p>\n<p>El uso del Sitio Web por el Usuario en modo alguno supone la cesi\u00f3n de derecho alguno de propiedad intelectual y\/o industrial sobre el Portal, sus contenidos y\/o los signos distintivos de Cand\u00e1s365.es. A tal efecto, mediante el presente Aviso Legal, salvo en aquellos supuestos en los que est\u00e9 legalmente permitido, queda expresamente prohibido al Usuario la reproducci\u00f3n, transformaci\u00f3n, distribuci\u00f3n, comunicaci\u00f3n p\u00fablica, puesta a disposici\u00f3n, extracci\u00f3n y\/o reutilizaci\u00f3n del Sitio Web, sus contenidos y\/o los signos distintivos de Cand\u00e1s365.es.<\/p>\n<p>Queda expresa y terminantemente prohibida la reproducci\u00f3n de elementos o contenidos del Sitio Web realizada con \u00e1nimo de lucro o fines comerciales.<\/p>\n<p><strong>4.<\/strong><strong>\u2010<\/strong><strong> Limitaci\u00f3n de Responsabilidad<\/strong><\/p>\n<p>El Usuario reconoce y acepta que el uso del Sitio Web se realiza en todo momento bajo su entero riesgo y responsabilidad, por lo que Cand\u00e1s365.es no se responsabiliza del mal uso o uso indebido que pueda realizarse del Portal. A tal efecto, \u00fanicamente ser\u00e1 responsable de los da\u00f1os que el Usuario pueda sufrir por el uso del Sitio Web, cuando dichos da\u00f1os sean debidos a nuestra actuaci\u00f3n dolosa.<\/p>\n<p>En particular, Cand\u00e1s365.es no ser\u00e1 responsable de:<\/p>\n<ul>\n<li>El contenido de los sitios enlazados a trav\u00e9s de los links incluidos dentro del Sitio Web. A este respecto, resultar\u00e1n de aplicaci\u00f3n los t\u00e9rminos recogidos en el apartado 5 del presente Aviso Legal.<\/li>\n<li>Los da\u00f1os y perjuicios de cualquier tipo causados en los equipos inform\u00e1ticos del Usuario por virus, gusanos, troyanos o cualquier otro elemento da\u00f1ino. El Usuario reconoce que el uso de la red Internet supone la asunci\u00f3n de un riesgo de que sus equipos inform\u00e1ticos puedan ser afectados por los elementos antes enunciados. A tal efecto, corresponde al Usuario, en todo caso, la disponibilidad de herramientas adecuadas para la detecci\u00f3n y eliminaci\u00f3n de programas electr\u00f3nicos da\u00f1inos.<\/li>\n<li>Los da\u00f1os y perjuicios de cualquier tipo producidos al Usuario que traigan causa en fallos o desconexiones en las redes de telecomunicaciones que produzcan la suspensi\u00f3n, cancelaci\u00f3n o interrupci\u00f3n del servicio del Sitio Web durante la prestaci\u00f3n del mismo o con car\u00e1cter previo. A este respecto, el Usuario reconoce que el acceso al Portal requiere de servicios suministrados por terceros ajenos al control de Cand\u00e1s365.es.<\/li>\n<\/ul>\n<p><strong>5.- Enlaces (Links)<\/strong><\/p>\n<p>El Sitio Web incluye dispositivos t\u00e9cnicos de enlace (links) que permiten al Usuario acceder a otras p\u00e1ginas y portales de Internet (en adelante, \u201c<strong>Sitios Enlazados<\/strong>\u201d). En estos casos, Cand\u00e1s365.es act\u00faa como un prestador de servicios de intermediaci\u00f3n de conformidad con el art\u00edculo 17 de la LSSI, y s\u00f3lo ser\u00e1 responsable de los contenidos y servicios suministrados en los Sitios Enlazados en la medida en que tenga conocimiento efectivo de la ilicitud y no haya desactivado el enlace con la diligencia debida. En el supuesto de que el Usuario considere que existe un Sitio Enlazado con contenidos il\u00edcitos o inadecuados, rogamos lo comunique a Cand\u00e1s365.es a trav\u00e9s de usuarios@candas365.es. En ning\u00fan caso, esta comunicaci\u00f3n conllevar\u00e1 la obligaci\u00f3n de retirar el correspondiente enlace.<\/p>\n<p>La existencia de Sitios Enlazados en modo alguno implica que Cand\u00e1s365.es tiene conocimiento efectivo o de ning\u00fan otro tipo de los servicios y contenidos de los mismos en caso de ilicitud, ni que mantenga necesariamente acuerdos con los responsables o titulares de los Sitios Enlazados. Tampoco comporta la existencia de dichos links recomendaci\u00f3n, promoci\u00f3n, identificaci\u00f3n o conformidad de Cand\u00e1s365.es con las manifestaciones, contenidos o servicios prove\u00eddos a trav\u00e9s de los Sitios Enlazados. En consecuencia, Cand\u00e1s365.es no se hace responsable del contenido de los Sitios Enlazados, ni de sus condiciones de uso y pol\u00edticas de confidencialidad, siendo el Usuario el \u00fanico responsable de comprobarlos y aceptarlos cada vez que acceda y use los mismos.<\/p>\n<p>El Usuario y, en general, cualquier persona f\u00edsica o jur\u00eddica que se proponga establecer un enlace desde su p\u00e1gina o sitio al Portal, deber\u00e1 obtener una autorizaci\u00f3n previa y por escrito de Cand\u00e1s365.es. El establecimiento de dicho enlace, no implica en ning\u00fan caso la existencia de relaciones entre Cand\u00e1s365.es y el propietario o titular del sitio o p\u00e1gina en la que se establezca el mismo, ni la aceptaci\u00f3n o aprobaci\u00f3n por parte de Cand\u00e1s365.es de sus contenidos o servicios.<\/p>\n<p><strong>6.- Generalidades<\/strong><\/p>\n<p>El uso del Sitio Web est\u00e1 regido e interpretado de acuerdo con la ley espa\u00f1ola y se entender\u00e1 que, por el uso del Portal, el Usuario est\u00e1 de acuerdo en que cualquier conflicto o litigio que surja entre el usuario y Cand\u00e1s365.es ser\u00e1 tratado por los juzgados y tribunales del Principado de Asturias<\/p>\n<p>En el caso de que alguna de las disposiciones contenidas en el presente Aviso Legal sea declarada nula, se proceder\u00e1 a la retirada o sustituci\u00f3n de la misma. En cualquier caso, dicha declaraci\u00f3n de nulidad no afectar\u00e1 a la validez del resto de disposiciones recogidas en el presente Aviso Legal.<\/p>\n<p>&nbsp;<\/p>\n","protected":false},"excerpt":{"rendered":"<p>1.- Titularidad de la P\u00e1gina Web De acuerdo con lo dispuesto en el art\u00edculo 10 de la Ley 34\/2002, de 11 de julio, de Servicios de la Sociedad de la Informaci\u00f3n y de Comercio Electr\u00f3nico (en adelante, \u201cLSSI\u201d), ponemos en su conocimiento que la p\u00e1gina www.candas365.es (en adelante, el \u201cSitio Web\u201d o el \u201cPortal\u201d) es<\/p>\n","protected":false},"author":1,"featured_media":0,"parent":0,"menu_order":0,"comment_status":"closed","ping_status":"closed","template":"","meta":{"footnotes":""},"class_list":["post-10894","page","type-page","status-publish"],"aioseo_notices":[],"aioseo_head":"\n\t\t<!-- All in One SEO Pro 4.9.5.2 - aioseo.com -->\n\t<meta name=\"description\" content=\"1.- Titularidad de la P\u00e1gina Web De acuerdo con lo dispuesto en el art\u00edculo 10 de la Ley 34\/2002, de 11 de julio, de Servicios de la Sociedad de la Informaci\u00f3n y de Comercio Electr\u00f3nico (en adelante, \u201cLSSI\u201d), ponemos en su conocimiento que la p\u00e1gina www.candas365.es (en adelante, el \u201cSitio Web\u201d o el \u201cPortal\u201d) es\" \/>\n\t<meta name=\"robots\" content=\"max-image-preview:large\" \/>\n\t<meta name=\"google-site-verification\" content=\"UA-32230408-1\" \/>\n\t<meta name=\"msvalidate.01\" content=\"354F3CDFB2DA171B47FBE9ABF1F88D5\" \/>\n\t<link rel=\"canonical\" href=\"https:\/\/candas365.es\/noticias\/aviso-legal\/\" \/>\n\t<meta name=\"generator\" content=\"All in One SEO Pro (AIOSEO) 4.9.5.2\" \/>\n\t\t<meta property=\"og:locale\" content=\"es_ES\" \/>\n\t\t<meta property=\"og:site_name\" content=\"Cand\u00e1s 365\" \/>\n\t\t<meta property=\"og:type\" content=\"article\" \/>\n\t\t<meta property=\"og:title\" content=\"Aviso Legal | Cand\u00e1s 365\" \/>\n\t\t<meta property=\"og:description\" content=\"1.- Titularidad de la P\u00e1gina Web De acuerdo con lo dispuesto en el art\u00edculo 10 de la Ley 34\/2002, de 11 de julio, de Servicios de la Sociedad de la Informaci\u00f3n y de Comercio Electr\u00f3nico (en adelante, \u201cLSSI\u201d), ponemos en su conocimiento que la p\u00e1gina www.candas365.es (en adelante, el \u201cSitio Web\u201d o el \u201cPortal\u201d) es\" \/>\n\t\t<meta property=\"og:url\" content=\"https:\/\/candas365.es\/noticias\/aviso-legal\/\" \/>\n\t\t<meta property=\"og:image\" content=\"https:\/\/candas365.es\/noticias\/wp-content\/uploads\/2024\/09\/Candas-365-Redes.jpg\" \/>\n\t\t<meta property=\"og:image:secure_url\" content=\"https:\/\/candas365.es\/noticias\/wp-content\/uploads\/2024\/09\/Candas-365-Redes.jpg\" \/>\n\t\t<meta property=\"og:image:width\" content=\"1152\" \/>\n\t\t<meta property=\"og:image:height\" content=\"864\" \/>\n\t\t<meta property=\"article:published_time\" content=\"2015-05-06T03:30:35+00:00\" \/>\n\t\t<meta property=\"article:modified_time\" content=\"2015-05-06T03:30:35+00:00\" \/>\n\t\t<meta property=\"article:publisher\" content=\"https:\/\/www.facebook.com\/Nachofdezber\" \/>\n\t\t<meta name=\"twitter:card\" content=\"summary_large_image\" \/>\n\t\t<meta name=\"twitter:site\" content=\"@NabercoDigital\" \/>\n\t\t<meta name=\"twitter:title\" content=\"Aviso Legal | Cand\u00e1s 365\" \/>\n\t\t<meta name=\"twitter:description\" content=\"1.- Titularidad de la P\u00e1gina Web De acuerdo con lo dispuesto en el art\u00edculo 10 de la Ley 34\/2002, de 11 de julio, de Servicios de la Sociedad de la Informaci\u00f3n y de Comercio Electr\u00f3nico (en adelante, \u201cLSSI\u201d), ponemos en su conocimiento que la p\u00e1gina www.candas365.es (en adelante, el \u201cSitio Web\u201d o el \u201cPortal\u201d) es\" \/>\n\t\t<meta name=\"twitter:creator\" content=\"@nbasturias\" \/>\n\t\t<meta name=\"twitter:image\" content=\"https:\/\/candas365.es\/noticias\/wp-content\/uploads\/2024\/09\/Candas-365-Redes.jpg\" \/>\n\t\t<meta name=\"twitter:label1\" content=\"Escrito por\" \/>\n\t\t<meta name=\"twitter:data1\" content=\"Cand\u00e1s 365\" \/>\n\t\t<meta name=\"twitter:label2\" content=\"Tiempo de lectura estimado\" \/>\n\t\t<meta name=\"twitter:data2\" content=\"8 minutos\" \/>\n\t\t<script type=\"application\/ld+json\" class=\"aioseo-schema\">\n\t\t\t{\"@context\":\"https:\\\/\\\/schema.org\",\"@graph\":[{\"@type\":\"BreadcrumbList\",\"@id\":\"https:\\\/\\\/candas365.es\\\/noticias\\\/aviso-legal\\\/#breadcrumblist\",\"itemListElement\":[{\"@type\":\"ListItem\",\"@id\":\"https:\\\/\\\/candas365.es\\\/noticias#listItem\",\"position\":1,\"name\":\"Home\",\"item\":\"https:\\\/\\\/candas365.es\\\/noticias\",\"nextItem\":{\"@type\":\"ListItem\",\"@id\":\"https:\\\/\\\/candas365.es\\\/noticias\\\/aviso-legal\\\/#listItem\",\"name\":\"Aviso Legal\"}},{\"@type\":\"ListItem\",\"@id\":\"https:\\\/\\\/candas365.es\\\/noticias\\\/aviso-legal\\\/#listItem\",\"position\":2,\"name\":\"Aviso Legal\",\"previousItem\":{\"@type\":\"ListItem\",\"@id\":\"https:\\\/\\\/candas365.es\\\/noticias#listItem\",\"name\":\"Home\"}}]},{\"@type\":\"Organization\",\"@id\":\"https:\\\/\\\/candas365.es\\\/noticias\\\/#organization\",\"name\":\"Cand\\u00e1s 365\",\"description\":\"Cand\\u00e1s 365 es un diario digital independiente, fundado en 2012, con base en Asturias. Informamos con rigor sobre actualidad, sociedad, cultura y ocio, con una mirada local y global.\",\"url\":\"https:\\\/\\\/candas365.es\\\/noticias\\\/\",\"email\":\"info@candas365.es\",\"telephone\":\"+34652131393\",\"foundingDate\":\"2012-06-10\",\"logo\":{\"@type\":\"ImageObject\",\"url\":\"https:\\\/\\\/candas365.es\\\/noticias\\\/wp-content\\\/uploads\\\/2024\\\/09\\\/Candas-365-Redes.jpg\",\"@id\":\"https:\\\/\\\/candas365.es\\\/noticias\\\/aviso-legal\\\/#organizationLogo\",\"width\":1152,\"height\":864,\"caption\":\"Cand\\u00e1s 365 Redes\"},\"image\":{\"@id\":\"https:\\\/\\\/candas365.es\\\/noticias\\\/aviso-legal\\\/#organizationLogo\"},\"sameAs\":[\"https:\\\/\\\/www.facebook.com\\\/Nachofdezber\",\"https:\\\/\\\/x.com\\\/NabercoDigital\",\"https:\\\/\\\/www.instagram.com\\\/nachofdezber\\\/\",\"https:\\\/\\\/www.youtube.com\\\/channel\\\/UCZP-2wLEB9Rv6erhFmqVnvg\"],\"address\":{\"@id\":\"https:\\\/\\\/candas365.es\\\/noticias\\\/#postaladdress\",\"@type\":\"PostalAddress\",\"streetAddress\":\"san antonio 4, san antonio 4\",\"postalCode\":\"33430\",\"addressLocality\":\"Cand\\u00e1s\",\"addressRegion\":\"Asturias\",\"addressCountry\":\"ES\"}},{\"@type\":\"WebPage\",\"@id\":\"https:\\\/\\\/candas365.es\\\/noticias\\\/aviso-legal\\\/#webpage\",\"url\":\"https:\\\/\\\/candas365.es\\\/noticias\\\/aviso-legal\\\/\",\"name\":\"Aviso Legal | Cand\\u00e1s 365\",\"description\":\"1.- Titularidad de la P\\u00e1gina Web De acuerdo con lo dispuesto en el art\\u00edculo 10 de la Ley 34\\\/2002, de 11 de julio, de Servicios de la Sociedad de la Informaci\\u00f3n y de Comercio Electr\\u00f3nico (en adelante, \\u201cLSSI\\u201d), ponemos en su conocimiento que la p\\u00e1gina www.candas365.es (en adelante, el \\u201cSitio Web\\u201d o el \\u201cPortal\\u201d) es\",\"inLanguage\":\"es-ES\",\"isPartOf\":{\"@id\":\"https:\\\/\\\/candas365.es\\\/noticias\\\/#website\"},\"breadcrumb\":{\"@id\":\"https:\\\/\\\/candas365.es\\\/noticias\\\/aviso-legal\\\/#breadcrumblist\"},\"datePublished\":\"2015-05-06T05:00:35+02:00\",\"dateModified\":\"2015-05-06T05:00:35+02:00\"},{\"@type\":\"WebSite\",\"@id\":\"https:\\\/\\\/candas365.es\\\/noticias\\\/#website\",\"url\":\"https:\\\/\\\/candas365.es\\\/noticias\\\/\",\"name\":\"Cand\\u00e1s 365\",\"alternateName\":\"Cand\\u00e1s 365 Noticias\",\"description\":\"Actualidad desde Carre\\u00f1o para el mundo\",\"inLanguage\":\"es-ES\",\"publisher\":{\"@id\":\"https:\\\/\\\/candas365.es\\\/noticias\\\/#organization\"}}]}\n\t\t<\/script>\n\t\t<!-- All in One SEO Pro -->\r\n\t\t<title>Aviso Legal | Cand\u00e1s 365<\/title>\n\n","aioseo_head_json":{"title":"Aviso Legal | Cand\u00e1s 365","description":"1.- Titularidad de la P\u00e1gina Web De acuerdo con lo dispuesto en el art\u00edculo 10 de la Ley 34\/2002, de 11 de julio, de Servicios de la Sociedad de la Informaci\u00f3n y de Comercio Electr\u00f3nico (en adelante, \u201cLSSI\u201d), ponemos en su conocimiento que la p\u00e1gina www.candas365.es (en adelante, el \u201cSitio Web\u201d o el \u201cPortal\u201d) es","canonical_url":"https:\/\/candas365.es\/noticias\/aviso-legal\/","robots":"max-image-preview:large","keywords":"","webmasterTools":{"google-site-verification":"UA-32230408-1","msvalidate.01":"354F3CDFB2DA171B47FBE9ABF1F88D5","miscellaneous":""},"schema":{"@context":"https:\/\/schema.org","@graph":[{"@type":"BreadcrumbList","@id":"https:\/\/candas365.es\/noticias\/aviso-legal\/#breadcrumblist","itemListElement":[{"@type":"ListItem","@id":"https:\/\/candas365.es\/noticias#listItem","position":1,"name":"Home","item":"https:\/\/candas365.es\/noticias","nextItem":{"@type":"ListItem","@id":"https:\/\/candas365.es\/noticias\/aviso-legal\/#listItem","name":"Aviso Legal"}},{"@type":"ListItem","@id":"https:\/\/candas365.es\/noticias\/aviso-legal\/#listItem","position":2,"name":"Aviso Legal","previousItem":{"@type":"ListItem","@id":"https:\/\/candas365.es\/noticias#listItem","name":"Home"}}]},{"@type":"Organization","@id":"https:\/\/candas365.es\/noticias\/#organization","name":"Cand\u00e1s 365","description":"Cand\u00e1s 365 es un diario digital independiente, fundado en 2012, con base en Asturias. Informamos con rigor sobre actualidad, sociedad, cultura y ocio, con una mirada local y global.","url":"https:\/\/candas365.es\/noticias\/","email":"info@candas365.es","telephone":"+34652131393","foundingDate":"2012-06-10","logo":{"@type":"ImageObject","url":"https:\/\/candas365.es\/noticias\/wp-content\/uploads\/2024\/09\/Candas-365-Redes.jpg","@id":"https:\/\/candas365.es\/noticias\/aviso-legal\/#organizationLogo","width":1152,"height":864,"caption":"Cand\u00e1s 365 Redes"},"image":{"@id":"https:\/\/candas365.es\/noticias\/aviso-legal\/#organizationLogo"},"sameAs":["https:\/\/www.facebook.com\/Nachofdezber","https:\/\/x.com\/NabercoDigital","https:\/\/www.instagram.com\/nachofdezber\/","https:\/\/www.youtube.com\/channel\/UCZP-2wLEB9Rv6erhFmqVnvg"],"address":{"@id":"https:\/\/candas365.es\/noticias\/#postaladdress","@type":"PostalAddress","streetAddress":"san antonio 4, san antonio 4","postalCode":"33430","addressLocality":"Cand\u00e1s","addressRegion":"Asturias","addressCountry":"ES"}},{"@type":"WebPage","@id":"https:\/\/candas365.es\/noticias\/aviso-legal\/#webpage","url":"https:\/\/candas365.es\/noticias\/aviso-legal\/","name":"Aviso Legal | Cand\u00e1s 365","description":"1.- Titularidad de la P\u00e1gina Web De acuerdo con lo dispuesto en el art\u00edculo 10 de la Ley 34\/2002, de 11 de julio, de Servicios de la Sociedad de la Informaci\u00f3n y de Comercio Electr\u00f3nico (en adelante, \u201cLSSI\u201d), ponemos en su conocimiento que la p\u00e1gina www.candas365.es (en adelante, el \u201cSitio Web\u201d o el \u201cPortal\u201d) es","inLanguage":"es-ES","isPartOf":{"@id":"https:\/\/candas365.es\/noticias\/#website"},"breadcrumb":{"@id":"https:\/\/candas365.es\/noticias\/aviso-legal\/#breadcrumblist"},"datePublished":"2015-05-06T05:00:35+02:00","dateModified":"2015-05-06T05:00:35+02:00"},{"@type":"WebSite","@id":"https:\/\/candas365.es\/noticias\/#website","url":"https:\/\/candas365.es\/noticias\/","name":"Cand\u00e1s 365","alternateName":"Cand\u00e1s 365 Noticias","description":"Actualidad desde Carre\u00f1o para el mundo","inLanguage":"es-ES","publisher":{"@id":"https:\/\/candas365.es\/noticias\/#organization"}}]},"og:locale":"es_ES","og:site_name":"Cand\u00e1s 365","og:type":"article","og:title":"Aviso Legal | Cand\u00e1s 365","og:description":"1.- Titularidad de la P\u00e1gina Web De acuerdo con lo dispuesto en el art\u00edculo 10 de la Ley 34\/2002, de 11 de julio, de Servicios de la Sociedad de la Informaci\u00f3n y de Comercio Electr\u00f3nico (en adelante, \u201cLSSI\u201d), ponemos en su conocimiento que la p\u00e1gina www.candas365.es (en adelante, el \u201cSitio Web\u201d o el \u201cPortal\u201d) es","og:url":"https:\/\/candas365.es\/noticias\/aviso-legal\/","og:image":"https:\/\/candas365.es\/noticias\/wp-content\/uploads\/2024\/09\/Candas-365-Redes.jpg","og:image:secure_url":"https:\/\/candas365.es\/noticias\/wp-content\/uploads\/2024\/09\/Candas-365-Redes.jpg","og:image:width":1152,"og:image:height":864,"article:published_time":"2015-05-06T03:30:35+00:00","article:modified_time":"2015-05-06T03:30:35+00:00","article:publisher":"https:\/\/www.facebook.com\/Nachofdezber","twitter:card":"summary_large_image","twitter:site":"@NabercoDigital","twitter:title":"Aviso Legal | Cand\u00e1s 365","twitter:description":"1.- Titularidad de la P\u00e1gina Web De acuerdo con lo dispuesto en el art\u00edculo 10 de la Ley 34\/2002, de 11 de julio, de Servicios de la Sociedad de la Informaci\u00f3n y de Comercio Electr\u00f3nico (en adelante, \u201cLSSI\u201d), ponemos en su conocimiento que la p\u00e1gina www.candas365.es (en adelante, el \u201cSitio Web\u201d o el \u201cPortal\u201d) es","twitter:creator":"@nbasturias","twitter:image":"https:\/\/candas365.es\/noticias\/wp-content\/uploads\/2024\/09\/Candas-365-Redes.jpg","twitter:label1":"Escrito por","twitter:data1":"Cand\u00e1s 365","twitter:label2":"Tiempo de lectura estimado","twitter:data2":"8 minutos"},"aioseo_meta_data":{"post_id":"10894","title":null,"description":null,"keywords":null,"keyphrases":null,"primary_term":null,"canonical_url":null,"og_title":null,"og_description":null,"og_object_type":"default","og_image_type":"default","og_image_url":null,"og_image_width":null,"og_image_height":null,"og_image_custom_url":null,"og_image_custom_fields":null,"og_video":null,"og_custom_url":null,"og_article_section":null,"og_article_tags":null,"twitter_use_og":false,"twitter_card":"default","twitter_image_type":"default","twitter_image_url":null,"twitter_image_custom_url":null,"twitter_image_custom_fields":null,"twitter_title":null,"twitter_description":null,"schema":{"blockGraphs":[],"customGraphs":[],"default":{"data":{"Article":[],"Course":[],"Dataset":[],"FAQPage":[],"Movie":[],"Person":[],"Product":[],"ProductReview":[],"Car":[],"Recipe":[],"Service":[],"SoftwareApplication":[],"WebPage":[]},"graphName":"","isEnabled":true},"graphs":[]},"schema_type":null,"schema_type_options":null,"pillar_content":false,"robots_default":true,"robots_noindex":false,"robots_noarchive":false,"robots_nosnippet":false,"robots_nofollow":false,"robots_noimageindex":false,"robots_noodp":false,"robots_notranslate":false,"robots_max_snippet":null,"robots_max_videopreview":null,"robots_max_imagepreview":"large","priority":null,"frequency":null,"location":null,"local_seo":null,"seo_analyzer_scan_date":"2025-10-08 15:17:10","breadcrumb_settings":null,"limit_modified_date":false,"open_ai":null,"ai":null,"created":"2020-12-21 10:36:58","updated":"2025-10-08 15:17:10"},"aioseo_breadcrumb":"<div class=\"aioseo-breadcrumbs\"><span class=\"aioseo-breadcrumb\">\n\t<a href=\"https:\/\/candas365.es\/noticias\" title=\"Home\">Home<\/a>\n<\/span><span class=\"aioseo-breadcrumb-separator\">&ndash;<\/span><span class=\"aioseo-breadcrumb\">\n\tAviso Legal\n<\/span><\/div>","aioseo_breadcrumb_json":[{"label":"Home","link":"https:\/\/candas365.es\/noticias"},{"label":"Aviso Legal","link":"https:\/\/candas365.es\/noticias\/aviso-legal\/"}],"_links":{"self":[{"href":"https:\/\/candas365.es\/noticias\/wp-json\/wp\/v2\/pages\/10894","targetHints":{"allow":["GET"]}}],"collection":[{"href":"https:\/\/candas365.es\/noticias\/wp-json\/wp\/v2\/pages"}],"about":[{"href":"https:\/\/candas365.es\/noticias\/wp-json\/wp\/v2\/types\/page"}],"author":[{"embeddable":true,"href":"https:\/\/candas365.es\/noticias\/wp-json\/wp\/v2\/users\/1"}],"replies":[{"embeddable":true,"href":"https:\/\/candas365.es\/noticias\/wp-json\/wp\/v2\/comments?post=10894"}],"version-history":[{"count":0,"href":"https:\/\/candas365.es\/noticias\/wp-json\/wp\/v2\/pages\/10894\/revisions"}],"wp:attachment":[{"href":"https:\/\/candas365.es\/noticias\/wp-json\/wp\/v2\/media?parent=10894"}],"curies":[{"name":"wp","href":"https:\/\/api.w.org\/{rel}","templated":true}]}}